{"id":1735,"date":"2026-01-21T02:52:11","date_gmt":"2026-01-21T02:52:11","guid":{"rendered":"https:\/\/sedazwork.xyz\/?page_id=1735"},"modified":"2026-01-22T03:04:33","modified_gmt":"2026-01-22T03:04:33","slug":"configuradores-procedulares","status":"publish","type":"page","link":"https:\/\/sedazwork.xyz\/en\/configuradores-procedulares\/","title":{"rendered":"Integraci\u00f3n de Autoquote y Configuraci\u00f3n Procedural 3D"},"content":{"rendered":"<p class=\"has-large-font-size wp-block-paragraph\">Cadena Procedural  #001<\/p>\n\n\n    <figure>      <iframe id=\"v3d_iframe\" class=\"v3d-iframe lazyload\" data-src=\"https:\/\/sedazwork.xyz\/wp-content\/uploads\/verge3d\/1733\/Parametric%20Chain%20GEN.html\"\n        width=\"800\"\n        height=\"500\"\n        allow=\"fullscreen; xr-spatial-tracking;\"\n        src=\"data:image\/svg+xml;base64,PHN2ZyB3aWR0aD0iMSIgaGVpZ2h0PSIxIiB4bWxucz0iaHR0cDovL3d3dy53My5vcmcvMjAwMC9zdmciPjwvc3ZnPg==\" data-load-mode=\"1\">\n      <\/iframe>\n    <\/figure>    \n\n\n\n<p class=\"wp-block-paragraph\">El configurador modula los puntos base de la geometr\u00eda creada en Blender y exportada a .gltf, permitiendo una personalizaci\u00f3n detallada y eficiente de cada elemento del dise\u00f1o. Se ha utilizado la plataforma Verge3D para crear la l\u00f3gica e incrustarlo en WordPress, lo que ofrece una integraci\u00f3n perfecta y una experiencia de usuario optimizada. Gracias a esta combinaci\u00f3n de herramientas, los usuarios pueden interactuar con la geometr\u00eda en tiempo real, ajustando par\u00e1metros como el color, la forma y la textura, lo que facilita la visualizaci\u00f3n de diferentes variantes de producto en un entorno din\u00e1mico y atractivo. Esto no solo mejora la est\u00e9tica del sitio, sino que tambi\u00e9n potencia la funcionalidad, transformando la manera en que los visitantes perciben y experimentan los contenidos digitales.<\/p>\n\n\n\n<p class=\"wp-block-paragraph\"><\/p>\n\n\n\n<p class=\"wp-block-paragraph\">Esta capacidad ir\u00e1 en principio, m\u00e1s enfocada a la personalizaci\u00f3n de producto b\u00e1sica (talla, redondez, texturizado, img,&#8230;)<br>Estamos tratando de conseguir un nivel de detalle \u00f3ptimo para representar materiales y objetos f\u00edsicos en AR\/VR y usar algoritmos como MediaPipe para hacer que los productos se ajusten autom\u00e1ticamente al prob\u00e1rselos en AR.<\/p>\n\n\n\n<p class=\"wp-block-paragraph\">Por otro lado, la geometr\u00eda podr\u00eda ser laminada mediante la API de Cura p.e. y enviada a un printfarm distribuido. <strong>Ofreciendo al user la experiencia de crear y comprarlo, in situ.<\/strong><\/p>\n\n\n\n<p class=\"wp-block-paragraph\">*Falta: Integrar Autoquote 3D, para integrar la base de datos de materiales, c\u00e1lculo de volumen y complejidad y disponibilidad de fabricante por localizaci\u00f3n y disponibilidad de materiales.<br><\/p>\n\n\n\n<p class=\"wp-block-paragraph\"><em>Siguiente-> Mejorar y simplificar posibilidades del producto procedural.<br>Siguiente-> Crear galer\u00eda de productos AR con botones a enlace de compra y descripciones de producto flotantes<\/em><\/p>\n\n\n\n<p class=\"wp-block-paragraph\">Destino -> <strong>0K3D.app<\/strong> &#8211; La app que integrar\u00e1 modelos de IA generativa (Hunyuan3D por el momento) de texto a 3D o img a 3D, Con Gaussian Splatings, NerF, computed vision (o un VLM), bancos de modelos 3D de elementos comerciales mec\u00e1nicos y el\u00e9ctricos, con una IA creada para dise\u00f1ar productos complejos funcionales mediante prompt.<\/p>\n\n\n\n<p class=\"wp-block-paragraph\">Por ejemplo: Crea un drone que pueda volar con viento y aguante 20 minutos en el aire: La IA determina las constraints y disemina el objeto en partes, eligiendo entre fabricar o comprar elementos existente. La IA dise\u00f1a el producto en base a los procesos de fabricaci\u00f3n disponibles y una serie de requisitos especificados. Te enviar\u00eda un paquete con las piezas impresas o cortadas a l\u00e1ser, PBCs o X, los elementos comerciales (electr\u00f3nicos, Bater\u00eda, h\u00e9lices&#8230;) y unas instruciones de montaje.<\/p>\n\n\n\n<p class=\"wp-block-paragraph\">Este ejemplo es muy complejo, pero \u00abdise\u00f1a un mueble para esta zona de la casa, que tenga capacidad de almacenamiento pero respete la iluminaci\u00f3n de la casa. Y el VLM entender\u00eda el espacio y sus variables y la funci\u00f3n del mueble. Despu\u00e9s plantear\u00eda varias opciones de estilo y forma mediante imagen. Y despu\u00e9s pasar\u00eda a seleccionar los materiales y crear los ensamblajes finales para su fabricaci\u00f3n. Despu\u00e9s ser\u00eda como montar un mueble de IKEA.<\/p>\n\n\n\n<p class=\"wp-block-paragraph\"><\/p>","protected":false},"excerpt":{"rendered":"<p>Cadena Procedural #001 El configurador modula los puntos base de la geometr\u00eda creada en Blender y exportada a .gltf, permitiendo una personalizaci\u00f3n detallada y eficiente de cada elemento del dise\u00f1o. Se ha utilizado la plataforma Verge3D para crear la l\u00f3gica e incrustarlo en WordPress, lo que ofrece una integraci\u00f3n perfecta y una experiencia de usuario [&hellip;]<\/p>","protected":false},"author":1,"featured_media":0,"parent":0,"menu_order":0,"comment_status":"closed","ping_status":"closed","template":"","meta":{"_crdt_document":"","footnotes":""},"class_list":["post-1735","page","type-page","status-publish","hentry"],"_hostinger_reach_plugin_has_subscription_block":false,"_hostinger_reach_plugin_is_elementor":false,"pbg_featured_image_src":{"full":false,"thumbnail":false,"medium":false,"medium_large":false,"large":false,"1536x1536":false,"2048x2048":false,"trp-custom-language-flag":false,"mailpoet_newsletter_max":false,"woocommerce_thumbnail":false,"woocommerce_single":false,"woocommerce_gallery_thumbnail":false},"pbg_author_info":{"display_name":"xamsgh","author_link":"https:\/\/sedazwork.xyz\/en\/author\/xamsgh\/","author_img":"<img alt='xamsgh' src='https:\/\/secure.gravatar.com\/avatar\/37e092fc79cf4e15ac0716e0fc6ad7435dfd3e3a32c086604032ad7bc08b2e56?s=128&#038;d=mm&#038;r=g' srcset='https:\/\/secure.gravatar.com\/avatar\/37e092fc79cf4e15ac0716e0fc6ad7435dfd3e3a32c086604032ad7bc08b2e56?s=256&#038;d=mm&#038;r=g 2x' class='avatar avatar-128 photo' height='128' width='128' decoding='async'\/>"},"pbg_comment_info":" No Comments","pbg_excerpt":"Cadena Procedural #001 El configurador modula los puntos base de la geometr\u00eda creada en Blender y exportada a .gltf, permitiendo una personalizaci\u00f3n detallada y eficiente de cada elemento del dise\u00f1o. Se ha utilizado la plataforma Verge3D para crear la l\u00f3gica e incrustarlo en WordPress, lo que ofrece una integraci\u00f3n perfecta y una experiencia de usuario&hellip;","jetpack_sharing_enabled":true,"_links":{"self":[{"href":"https:\/\/sedazwork.xyz\/en\/wp-json\/wp\/v2\/pages\/1735","targetHints":{"allow":["GET"]}}],"collection":[{"href":"https:\/\/sedazwork.xyz\/en\/wp-json\/wp\/v2\/pages"}],"about":[{"href":"https:\/\/sedazwork.xyz\/en\/wp-json\/wp\/v2\/types\/page"}],"author":[{"embeddable":true,"href":"https:\/\/sedazwork.xyz\/en\/wp-json\/wp\/v2\/users\/1"}],"replies":[{"embeddable":true,"href":"https:\/\/sedazwork.xyz\/en\/wp-json\/wp\/v2\/comments?post=1735"}],"version-history":[{"count":7,"href":"https:\/\/sedazwork.xyz\/en\/wp-json\/wp\/v2\/pages\/1735\/revisions"}],"predecessor-version":[{"id":1781,"href":"https:\/\/sedazwork.xyz\/en\/wp-json\/wp\/v2\/pages\/1735\/revisions\/1781"}],"wp:attachment":[{"href":"https:\/\/sedazwork.xyz\/en\/wp-json\/wp\/v2\/media?parent=1735"}],"curies":[{"name":"wp","href":"https:\/\/api.w.org\/{rel}","templated":true}]}}