{"id":111,"date":"2025-12-01T18:54:29","date_gmt":"2025-12-01T18:54:29","guid":{"rendered":"https:\/\/sedazwork.xyz\/?page_id=111"},"modified":"2026-01-30T02:00:51","modified_gmt":"2026-01-30T02:00:51","slug":"impresion-3d","status":"publish","type":"page","link":"https:\/\/sedazwork.xyz\/en\/impresion-3d\/","title":{"rendered":"Impresi\u00f3n 3D"},"content":{"rendered":"<h1 class=\"wp-block-heading\" style=\"margin-top:30px;margin-right:0px;margin-bottom:60px;margin-left:30px\">Impresi\u00f3n 3D<\/h1>\n\n\n\n<h4 class=\"wp-block-heading\" style=\"margin-top:1;margin-right:20;margin-bottom:200;margin-left:20;font-style:normal;font-weight:500\">+10 a\u00f1os de experiencia en fabricaci\u00f3n aditiva, tanto con m\u00e1quinas industriales (FDM, SLA y SLS) para impresi\u00f3n de metal o piezas de gran volumen, como con nuestras propias m\u00e1quinas (FDM, DLP). Habiendo dise\u00f1ado desarrollado y producido piezas para +50 proyectos de arquitectura, equipamiento industrial, dise\u00f1o de producto, Arte, Joyer\u00eda, decoraci\u00f3n e iluminaci\u00f3n.<\/h4>\n\n\n\n<div class=\"wp-block-group is-nowrap is-layout-flex wp-container-core-group-is-layout-6c531013 wp-block-group-is-layout-flex\">\n<section class=\"wp-block-cover has-aspect-ratio\" style=\"margin-top:5px;margin-bottom:5px;padding-top:5px;padding-bottom:5px;min-height:279px;aspect-ratio:1;height:unset;min-height:unset;\"><img fetchpriority=\"high\" decoding=\"async\" width=\"1246\" height=\"1158\" class=\"wp-block-cover__image-background wp-image-171 size-full\" alt=\"\" src=\"https:\/\/sedazwork.xyz\/wp-content\/uploads\/2025\/12\/Captura-de-Pantalla-2022-12-02-a-las-18.37.10.png\" data-object-fit=\"cover\" srcset=\"https:\/\/sedazwork.xyz\/wp-content\/uploads\/2025\/12\/Captura-de-Pantalla-2022-12-02-a-las-18.37.10.png 1246w, https:\/\/sedazwork.xyz\/wp-content\/uploads\/2025\/12\/Captura-de-Pantalla-2022-12-02-a-las-18.37.10-600x558.png 600w, https:\/\/sedazwork.xyz\/wp-content\/uploads\/2025\/12\/Captura-de-Pantalla-2022-12-02-a-las-18.37.10-300x279.png 300w, https:\/\/sedazwork.xyz\/wp-content\/uploads\/2025\/12\/Captura-de-Pantalla-2022-12-02-a-las-18.37.10-1024x952.png 1024w, https:\/\/sedazwork.xyz\/wp-content\/uploads\/2025\/12\/Captura-de-Pantalla-2022-12-02-a-las-18.37.10-768x714.png 768w\" sizes=\"(max-width: 1246px) 100vw, 1246px\" \/><span aria-hidden=\"true\" class=\"wp-block-cover__background has-background-dim\" style=\"background-color:#777a75\"><\/span><div class=\"wp-block-cover__inner-container is-layout-flow wp-block-cover-is-layout-flow\">\n<p class=\"has-text-align-center wp-block-paragraph\">Digitalizaci\u00f3n, procesamiento y modelado 3D de objetos existentes<\/p>\n<\/div><\/section>\n\n\n\n<div class=\"wp-block-cover has-aspect-ratio\" style=\"margin-top:5px;margin-bottom:5px;padding-top:5px;padding-bottom:5px;min-height:200px;aspect-ratio:1;height:unset;min-height:unset;\"><img decoding=\"async\" width=\"648\" height=\"486\" class=\"wp-block-cover__image-background wp-image-128 size-full lazyload\" alt=\"\" data-src=\"https:\/\/sedazwork.xyz\/wp-content\/uploads\/2025\/10\/892A48F4-5A7B-49AC-A35B-5E46CD7FF38B.jpg\" data-object-fit=\"cover\" data-srcset=\"https:\/\/sedazwork.xyz\/wp-content\/uploads\/2025\/10\/892A48F4-5A7B-49AC-A35B-5E46CD7FF38B.jpg 648w, https:\/\/sedazwork.xyz\/wp-content\/uploads\/2025\/10\/892A48F4-5A7B-49AC-A35B-5E46CD7FF38B-600x450.jpg 600w, https:\/\/sedazwork.xyz\/wp-content\/uploads\/2025\/10\/892A48F4-5A7B-49AC-A35B-5E46CD7FF38B-300x225.jpg 300w\" data-sizes=\"(max-width: 648px) 100vw, 648px\" src=\"data:image\/svg+xml;base64,PHN2ZyB3aWR0aD0iMSIgaGVpZ2h0PSIxIiB4bWxucz0iaHR0cDovL3d3dy53My5vcmcvMjAwMC9zdmciPjwvc3ZnPg==\" style=\"--smush-placeholder-width: 648px; --smush-placeholder-aspect-ratio: 648\/486;\" \/><span aria-hidden=\"true\" class=\"wp-block-cover__background has-background-dim\"><\/span><div class=\"wp-block-cover__inner-container is-layout-flow wp-block-cover-is-layout-flow\">\n<p class=\"has-text-align-center wp-block-paragraph\">Proyectos de fabricaci\u00f3n industrial<\/p>\n<\/div><\/div>\n\n\n\n<section class=\"wp-block-cover has-aspect-ratio\" style=\"margin-top:5px;margin-bottom:5px;padding-top:5px;padding-bottom:5px;min-height:262px;aspect-ratio:1;height:unset;min-height:unset;\"><img decoding=\"async\" width=\"1920\" height=\"2560\" class=\"wp-block-cover__image-background wp-image-168 size-full lazyload\" alt=\"\" data-src=\"https:\/\/sedazwork.xyz\/wp-content\/uploads\/2025\/12\/IMG_6260-scaled.jpg\" data-object-fit=\"cover\" data-srcset=\"https:\/\/sedazwork.xyz\/wp-content\/uploads\/2025\/12\/IMG_6260-scaled.jpg 1920w, https:\/\/sedazwork.xyz\/wp-content\/uploads\/2025\/12\/IMG_6260-scaled-600x800.jpg 600w, https:\/\/sedazwork.xyz\/wp-content\/uploads\/2025\/12\/IMG_6260-225x300.jpg 225w, https:\/\/sedazwork.xyz\/wp-content\/uploads\/2025\/12\/IMG_6260-768x1024.jpg 768w, https:\/\/sedazwork.xyz\/wp-content\/uploads\/2025\/12\/IMG_6260-1152x1536.jpg 1152w, https:\/\/sedazwork.xyz\/wp-content\/uploads\/2025\/12\/IMG_6260-1536x2048.jpg 1536w\" data-sizes=\"(max-width: 1920px) 100vw, 1920px\" src=\"data:image\/svg+xml;base64,PHN2ZyB3aWR0aD0iMSIgaGVpZ2h0PSIxIiB4bWxucz0iaHR0cDovL3d3dy53My5vcmcvMjAwMC9zdmciPjwvc3ZnPg==\" style=\"--smush-placeholder-width: 1920px; --smush-placeholder-aspect-ratio: 1920\/2560;\" \/><span aria-hidden=\"true\" class=\"wp-block-cover__background has-background-dim\" style=\"background-color:#a06351\"><\/span><div class=\"wp-block-cover__inner-container is-layout-flow wp-block-cover-is-layout-flow\">\n<p class=\"has-text-align-center wp-block-paragraph\">Prototipado r\u00e1pido de prototipos y utillajes<\/p>\n<\/div><\/section>\n<\/div>\n\n\n\n<p class=\"wp-block-paragraph\">&#8230;&#8230;&#8230;&#8230;&#8230;&#8230;&#8230;&#8230;&#8230;&#8230;&#8230;&#8230;&#8230;&#8230;&#8230;..<\/p>\n\n\n\n<div class=\"wp-block-buttons is-layout-flex wp-block-buttons-is-layout-flex\">\n<div class=\"wp-block-button is-style-outline is-style-outline--1\"><a class=\"wp-block-button__link has-black-color has-text-color has-link-color wp-element-button\">Haz tu consulta ahora sin compromiso<\/a><\/div>\n<\/div>\n\n\n\n<h1 class=\"wp-block-heading has-text-align-center\">Proyectos destacados<\/h1>\n\n\n\n<div class=\"wp-block-media-text is-stacked-on-mobile pbg-animation-6494aa91ddc3\" style=\"grid-template-columns:42% auto\"><figure class=\"wp-block-media-text__media\"><img decoding=\"async\" width=\"883\" height=\"917\" data-src=\"https:\/\/sedazwork.xyz\/wp-content\/uploads\/2026\/01\/IMG_0831.jpeg\" alt=\"\" class=\"wp-image-1756 size-full lazyload\" data-srcset=\"https:\/\/sedazwork.xyz\/wp-content\/uploads\/2026\/01\/IMG_0831.jpeg 883w, https:\/\/sedazwork.xyz\/wp-content\/uploads\/2026\/01\/IMG_0831-289x300.jpeg 289w, https:\/\/sedazwork.xyz\/wp-content\/uploads\/2026\/01\/IMG_0831-768x798.jpeg 768w, https:\/\/sedazwork.xyz\/wp-content\/uploads\/2026\/01\/IMG_0831-600x623.jpeg 600w\" data-sizes=\"(max-width: 883px) 100vw, 883px\" src=\"data:image\/svg+xml;base64,PHN2ZyB3aWR0aD0iMSIgaGVpZ2h0PSIxIiB4bWxucz0iaHR0cDovL3d3dy53My5vcmcvMjAwMC9zdmciPjwvc3ZnPg==\" style=\"--smush-placeholder-width: 883px; --smush-placeholder-aspect-ratio: 883\/917;\" \/><\/figure><div class=\"wp-block-media-text__content\">\n<p class=\"wp-block-paragraph\">Anillo dise\u00f1ado para la colecci\u00f3n \u00bb ZEDA physical virtuality.<\/p>\n\n\n\n<div class=\"wp-block-group is-nowrap is-layout-flex wp-container-core-group-is-layout-6c531013 wp-block-group-is-layout-flex\">\n<p class=\"wp-block-paragraph\">Impreso en Aluminio mediante SLS de alta precisi\u00f3n. Proceso de fabricaci\u00f3n a la altura de la complejidad de esta pieza, ofrecido por <a href=\"https:\/\/xometry.eu\/es\/impresion-3d-en-metal\/\">Xometry Europe GmbH<\/a><\/p>\n<\/div>\n<\/div><\/div>\n\n\n\n<div class=\"wp-block-group is-layout-constrained wp-block-group-is-layout-constrained\">    <figure>      <iframe id=\"v3d_iframe\" class=\"v3d-iframe lazyload\" data-src=\"https:\/\/sedazwork.xyz\/wp-content\/uploads\/verge3d\/1771\/Ikono%20Reytsuko%20UX%20Jewel.html\"\n        width=\"800\"\n        height=\"500\"\n        allow=\"fullscreen; xr-spatial-tracking;\"\n        src=\"data:image\/svg+xml;base64,PHN2ZyB3aWR0aD0iMSIgaGVpZ2h0PSIxIiB4bWxucz0iaHR0cDovL3d3dy53My5vcmcvMjAwMC9zdmciPjwvc3ZnPg==\" data-load-mode=\"1\">\n      <\/iframe>\n    <\/figure>    \n<\/div>\n\n\n\n<figure class=\"wp-block-gallery has-nested-images columns-default is-cropped wp-block-gallery-2 is-layout-flex wp-block-gallery-is-layout-flex\">\n<figure class=\"wp-block-image size-large\" style=\"margin-top:0;margin-right:0;margin-bottom:0;margin-left:0\"><img decoding=\"async\" width=\"1024\" height=\"576\" data-id=\"160\" data-src=\"https:\/\/sedazwork.xyz\/wp-content\/uploads\/2025\/12\/anilloexp-1024x576.png\" alt=\"\" class=\"wp-image-160 lazyload\" data-srcset=\"https:\/\/sedazwork.xyz\/wp-content\/uploads\/2025\/12\/anilloexp-1024x576.png 1024w, https:\/\/sedazwork.xyz\/wp-content\/uploads\/2025\/12\/anilloexp-600x338.png 600w, https:\/\/sedazwork.xyz\/wp-content\/uploads\/2025\/12\/anilloexp-300x169.png 300w, https:\/\/sedazwork.xyz\/wp-content\/uploads\/2025\/12\/anilloexp-768x432.png 768w, https:\/\/sedazwork.xyz\/wp-content\/uploads\/2025\/12\/anilloexp-1536x864.png 1536w, https:\/\/sedazwork.xyz\/wp-content\/uploads\/2025\/12\/anilloexp.png 1920w\" data-sizes=\"(max-width: 1024px) 100vw, 1024px\" src=\"data:image\/svg+xml;base64,PHN2ZyB3aWR0aD0iMSIgaGVpZ2h0PSIxIiB4bWxucz0iaHR0cDovL3d3dy53My5vcmcvMjAwMC9zdmciPjwvc3ZnPg==\" style=\"--smush-placeholder-width: 1024px; --smush-placeholder-aspect-ratio: 1024\/576;\" \/><\/figure>\n\n\n\n<figure class=\"wp-block-image size-large\"><img decoding=\"async\" width=\"1024\" height=\"576\" data-id=\"161\" data-src=\"https:\/\/sedazwork.xyz\/wp-content\/uploads\/2025\/12\/anilloexp5-1024x576.png\" alt=\"\" class=\"wp-image-161 lazyload\" data-srcset=\"https:\/\/sedazwork.xyz\/wp-content\/uploads\/2025\/12\/anilloexp5-1024x576.png 1024w, https:\/\/sedazwork.xyz\/wp-content\/uploads\/2025\/12\/anilloexp5-600x338.png 600w, https:\/\/sedazwork.xyz\/wp-content\/uploads\/2025\/12\/anilloexp5-300x169.png 300w, https:\/\/sedazwork.xyz\/wp-content\/uploads\/2025\/12\/anilloexp5-768x432.png 768w, https:\/\/sedazwork.xyz\/wp-content\/uploads\/2025\/12\/anilloexp5-1536x864.png 1536w, https:\/\/sedazwork.xyz\/wp-content\/uploads\/2025\/12\/anilloexp5.png 1920w\" data-sizes=\"(max-width: 1024px) 100vw, 1024px\" src=\"data:image\/svg+xml;base64,PHN2ZyB3aWR0aD0iMSIgaGVpZ2h0PSIxIiB4bWxucz0iaHR0cDovL3d3dy53My5vcmcvMjAwMC9zdmciPjwvc3ZnPg==\" style=\"--smush-placeholder-width: 1024px; --smush-placeholder-aspect-ratio: 1024\/576;\" \/><\/figure>\n\n\n\n<figure class=\"wp-block-image size-large\"><img decoding=\"async\" width=\"1024\" height=\"576\" data-id=\"162\" data-src=\"https:\/\/sedazwork.xyz\/wp-content\/uploads\/2025\/12\/anilloexp6-1024x576.png\" alt=\"\" class=\"wp-image-162 lazyload\" data-srcset=\"https:\/\/sedazwork.xyz\/wp-content\/uploads\/2025\/12\/anilloexp6-1024x576.png 1024w, https:\/\/sedazwork.xyz\/wp-content\/uploads\/2025\/12\/anilloexp6-600x338.png 600w, https:\/\/sedazwork.xyz\/wp-content\/uploads\/2025\/12\/anilloexp6-300x169.png 300w, https:\/\/sedazwork.xyz\/wp-content\/uploads\/2025\/12\/anilloexp6-768x432.png 768w, https:\/\/sedazwork.xyz\/wp-content\/uploads\/2025\/12\/anilloexp6-1536x864.png 1536w, https:\/\/sedazwork.xyz\/wp-content\/uploads\/2025\/12\/anilloexp6.png 1920w\" data-sizes=\"(max-width: 1024px) 100vw, 1024px\" src=\"data:image\/svg+xml;base64,PHN2ZyB3aWR0aD0iMSIgaGVpZ2h0PSIxIiB4bWxucz0iaHR0cDovL3d3dy53My5vcmcvMjAwMC9zdmciPjwvc3ZnPg==\" style=\"--smush-placeholder-width: 1024px; --smush-placeholder-aspect-ratio: 1024\/576;\" \/><\/figure>\n\n\n\n<figure class=\"wp-block-image size-large\"><img decoding=\"async\" width=\"1024\" height=\"576\" data-id=\"163\" data-src=\"https:\/\/sedazwork.xyz\/wp-content\/uploads\/2025\/12\/anilloexp7-1024x576.png\" alt=\"\" class=\"wp-image-163 lazyload\" data-srcset=\"https:\/\/sedazwork.xyz\/wp-content\/uploads\/2025\/12\/anilloexp7-1024x576.png 1024w, https:\/\/sedazwork.xyz\/wp-content\/uploads\/2025\/12\/anilloexp7-600x338.png 600w, https:\/\/sedazwork.xyz\/wp-content\/uploads\/2025\/12\/anilloexp7-300x169.png 300w, https:\/\/sedazwork.xyz\/wp-content\/uploads\/2025\/12\/anilloexp7-768x432.png 768w, https:\/\/sedazwork.xyz\/wp-content\/uploads\/2025\/12\/anilloexp7-1536x864.png 1536w, https:\/\/sedazwork.xyz\/wp-content\/uploads\/2025\/12\/anilloexp7.png 1920w\" data-sizes=\"(max-width: 1024px) 100vw, 1024px\" src=\"data:image\/svg+xml;base64,PHN2ZyB3aWR0aD0iMSIgaGVpZ2h0PSIxIiB4bWxucz0iaHR0cDovL3d3dy53My5vcmcvMjAwMC9zdmciPjwvc3ZnPg==\" style=\"--smush-placeholder-width: 1024px; --smush-placeholder-aspect-ratio: 1024\/576;\" \/><\/figure>\n\n\n\n<figure class=\"wp-block-image size-large\"><img decoding=\"async\" width=\"1024\" height=\"576\" data-id=\"165\" data-src=\"https:\/\/sedazwork.xyz\/wp-content\/uploads\/2025\/12\/anilloexp9-1024x576.png\" alt=\"\" class=\"wp-image-165 lazyload\" data-srcset=\"https:\/\/sedazwork.xyz\/wp-content\/uploads\/2025\/12\/anilloexp9-1024x576.png 1024w, https:\/\/sedazwork.xyz\/wp-content\/uploads\/2025\/12\/anilloexp9-600x338.png 600w, https:\/\/sedazwork.xyz\/wp-content\/uploads\/2025\/12\/anilloexp9-300x169.png 300w, https:\/\/sedazwork.xyz\/wp-content\/uploads\/2025\/12\/anilloexp9-768x432.png 768w, https:\/\/sedazwork.xyz\/wp-content\/uploads\/2025\/12\/anilloexp9-1536x864.png 1536w, https:\/\/sedazwork.xyz\/wp-content\/uploads\/2025\/12\/anilloexp9.png 1920w\" data-sizes=\"(max-width: 1024px) 100vw, 1024px\" src=\"data:image\/svg+xml;base64,PHN2ZyB3aWR0aD0iMSIgaGVpZ2h0PSIxIiB4bWxucz0iaHR0cDovL3d3dy53My5vcmcvMjAwMC9zdmciPjwvc3ZnPg==\" style=\"--smush-placeholder-width: 1024px; --smush-placeholder-aspect-ratio: 1024\/576;\" \/><\/figure>\n\n\n\n<figure class=\"wp-block-image size-large\"><img decoding=\"async\" width=\"1024\" height=\"576\" data-id=\"166\" data-src=\"https:\/\/sedazwork.xyz\/wp-content\/uploads\/2025\/12\/anillo-Recuperado-1-1024x576.jpg\" alt=\"\" class=\"wp-image-166 lazyload\" data-srcset=\"https:\/\/sedazwork.xyz\/wp-content\/uploads\/2025\/12\/anillo-Recuperado-1-1024x576.jpg 1024w, https:\/\/sedazwork.xyz\/wp-content\/uploads\/2025\/12\/anillo-Recuperado-1-600x338.jpg 600w, https:\/\/sedazwork.xyz\/wp-content\/uploads\/2025\/12\/anillo-Recuperado-1-300x169.jpg 300w, https:\/\/sedazwork.xyz\/wp-content\/uploads\/2025\/12\/anillo-Recuperado-1-768x432.jpg 768w, https:\/\/sedazwork.xyz\/wp-content\/uploads\/2025\/12\/anillo-Recuperado-1-1536x864.jpg 1536w, https:\/\/sedazwork.xyz\/wp-content\/uploads\/2025\/12\/anillo-Recuperado-1.jpg 1920w\" data-sizes=\"(max-width: 1024px) 100vw, 1024px\" src=\"data:image\/svg+xml;base64,PHN2ZyB3aWR0aD0iMSIgaGVpZ2h0PSIxIiB4bWxucz0iaHR0cDovL3d3dy53My5vcmcvMjAwMC9zdmciPjwvc3ZnPg==\" style=\"--smush-placeholder-width: 1024px; --smush-placeholder-aspect-ratio: 1024\/576;\" \/><\/figure>\n<\/figure>\n\n\n\n<h1 class=\"wp-block-heading has-text-align-center pbg-animation-dc386302d64a has-inter-font-family\">Configurador de producto<\/h1>\n\n\n\n<div class=\"wp-block-columns is-layout-flex wp-container-core-columns-is-layout-28f84493 wp-block-columns-is-layout-flex\">\n<div class=\"wp-block-column is-layout-flow wp-block-column-is-layout-flow\" style=\"flex-basis:100%\">\n<figure class=\"wp-block-gallery has-nested-images columns-default is-cropped wp-block-gallery-3 is-layout-flex wp-block-gallery-is-layout-flex\">\n<figure class=\"wp-block-image size-large\"><img decoding=\"async\" width=\"987\" height=\"615\" data-id=\"1734\" data-src=\"https:\/\/sedazwork.xyz\/wp-content\/uploads\/2026\/01\/Cadena-parm.png\" alt=\"\" class=\"wp-image-1734 lazyload\" data-srcset=\"https:\/\/sedazwork.xyz\/wp-content\/uploads\/2026\/01\/Cadena-parm.png 987w, https:\/\/sedazwork.xyz\/wp-content\/uploads\/2026\/01\/Cadena-parm-300x187.png 300w, https:\/\/sedazwork.xyz\/wp-content\/uploads\/2026\/01\/Cadena-parm-768x479.png 768w, https:\/\/sedazwork.xyz\/wp-content\/uploads\/2026\/01\/Cadena-parm-600x374.png 600w\" data-sizes=\"(max-width: 987px) 100vw, 987px\" src=\"data:image\/svg+xml;base64,PHN2ZyB3aWR0aD0iMSIgaGVpZ2h0PSIxIiB4bWxucz0iaHR0cDovL3d3dy53My5vcmcvMjAwMC9zdmciPjwvc3ZnPg==\" style=\"--smush-placeholder-width: 987px; --smush-placeholder-aspect-ratio: 987\/615;\" \/><\/figure>\n<\/figure>\n<\/div>\n<\/div>\n\n\n\n<div class=\"wp-block-premium-buttons premium-button-group premium-button-group-a1f754380726\"><div class=\"premium-button-group_wrap premium-button-group-class-css\">\n<div class=\"wp-block-premium-button premium-button__wrap premium-button-b977d6069e78 premium-button__shutter premium-button__shutouthor\" data-icontype=\"icon\" id=\"premium-button-b977d6069e78\"><a href=\"https:\/\/sedazwork.xyz\/en\/configuradores-procedulares\/\" rel=\"noopener noreferrer \" target=\"_self\" class=\"premium-button wp-block-button__link premium-button__lg premium-button__before premium-button-type\" style=\"color:#ffffff\"><div style=\"display:inline-flex;justify-content:center;align-items:center\" class=\"premium-button-icon dashicons admin-site fe icon-type-da\"><svg style=\"display:inline-block;vertical-align:middle\" viewbox=\"0 0 21 21\" height=\"24\" width=\"24\" fill=\"currentColor\" xmlns=\"http:\/\/www.w3.org\/2000\/svg\"><path d=\"M19 10q0-1.83-0.715-3.495t-1.92-2.87-2.87-1.92-3.495-0.715-3.495 0.715-2.87 1.92-1.92 2.87-0.715 3.495 0.715 3.495 1.92 2.87 2.87 1.92 3.495 0.715 3.495-0.715 2.87-1.92 1.92-2.87 0.715-3.495zM8 10.1q-3.78-0.39-5.48-2.29 0.74-2.4 2.715-3.96t4.535-1.67q-0.33 0.55-0.56 1.26t-0.32 1.49 0.12 1.545 0.73 1.275q-0.35 0.050-0.69-0.060t-0.585-0.3-0.51-0.4-0.455-0.36-0.43-0.175-0.44 0.145q-0.88 0.69-0.42 1.5 0.5 0.88 2.28 1.44 0.62 0.2 1.34 0.33 0.97 0.17 1.645 0.405t1.065 0.495 0.6 0.625 0.27 0.71 0.050 0.845q-0.060 2.98-4.060 4.7 0.020-0.86-0.115-1.53t-0.38-1.090-0.55-0.735-0.635-0.52-0.625-0.37-0.54-0.365-0.355-0.43q0.1-0.42 0.185-0.675t0.275-0.615 0.52-0.66 0.82-0.56zM16.49 5.78q0.31 0.48 0.545 0.975t0.385 0.925 0.23 0.89 0.115 0.81 0.015 0.755-0.045 0.66-0.1 0.585-0.115 0.465-0.12 0.375l-0.070 0.24q-0.21-0.51-0.52-0.955t-0.605-0.745-0.575-0.58-0.505-0.6-0.325-0.66q-0.39-1.37 1.69-3.14z\"><\/path><\/svg><\/div><span class=\"premium-button-text-edit\" style=\"color:#ffffff;text-shadow:0px 0px 10px transparent\">Entrar<\/span><\/a><\/div>\n<\/div><\/div>","protected":false},"excerpt":{"rendered":"<p>Impresi\u00f3n 3D +10 a\u00f1os de experiencia en fabricaci\u00f3n aditiva, tanto con m\u00e1quinas industriales (FDM, SLA y SLS) para impresi\u00f3n de metal o piezas de gran volumen, como con nuestras propias m\u00e1quinas (FDM, DLP). Habiendo dise\u00f1ado desarrollado y producido piezas para +50 proyectos de arquitectura, equipamiento industrial, dise\u00f1o de producto, Arte, Joyer\u00eda, decoraci\u00f3n e iluminaci\u00f3n. &#8230;&#8230;&#8230;&#8230;&#8230;&#8230;&#8230;&#8230;&#8230;&#8230;&#8230;&#8230;&#8230;&#8230;&#8230;.. [&hellip;]<\/p>","protected":false},"author":1,"featured_media":0,"parent":0,"menu_order":0,"comment_status":"closed","ping_status":"closed","template":"","meta":{"_crdt_document":"","footnotes":""},"class_list":["post-111","page","type-page","status-publish","hentry"],"_hostinger_reach_plugin_has_subscription_block":false,"_hostinger_reach_plugin_is_elementor":false,"pbg_featured_image_src":{"full":false,"thumbnail":false,"medium":false,"medium_large":false,"large":false,"1536x1536":false,"2048x2048":false,"trp-custom-language-flag":false,"mailpoet_newsletter_max":false,"woocommerce_thumbnail":false,"woocommerce_single":false,"woocommerce_gallery_thumbnail":false},"pbg_author_info":{"display_name":"xamsgh","author_link":"https:\/\/sedazwork.xyz\/en\/author\/xamsgh\/","author_img":"<img alt='xamsgh' src='https:\/\/secure.gravatar.com\/avatar\/37e092fc79cf4e15ac0716e0fc6ad7435dfd3e3a32c086604032ad7bc08b2e56?s=128&#038;d=mm&#038;r=g' srcset='https:\/\/secure.gravatar.com\/avatar\/37e092fc79cf4e15ac0716e0fc6ad7435dfd3e3a32c086604032ad7bc08b2e56?s=256&#038;d=mm&#038;r=g 2x' class='avatar avatar-128 photo' height='128' width='128' decoding='async'\/>"},"pbg_comment_info":" No Comments","pbg_excerpt":"Impresi\u00f3n 3D +10 a\u00f1os de experiencia en fabricaci\u00f3n aditiva, tanto con m\u00e1quinas industriales (FDM, SLA y SLS) para impresi\u00f3n de metal o piezas de gran volumen, como con nuestras propias m\u00e1quinas (FDM, DLP). Habiendo dise\u00f1ado desarrollado y producido piezas para +50 proyectos de arquitectura, equipamiento industrial, dise\u00f1o de producto, Arte, Joyer\u00eda, decoraci\u00f3n e iluminaci\u00f3n. &#8230;&#8230;&#8230;&#8230;&#8230;&#8230;&#8230;&#8230;&#8230;&#8230;&#8230;&#8230;&#8230;&#8230;&#8230;..&hellip;","jetpack_sharing_enabled":true,"_links":{"self":[{"href":"https:\/\/sedazwork.xyz\/en\/wp-json\/wp\/v2\/pages\/111","targetHints":{"allow":["GET"]}}],"collection":[{"href":"https:\/\/sedazwork.xyz\/en\/wp-json\/wp\/v2\/pages"}],"about":[{"href":"https:\/\/sedazwork.xyz\/en\/wp-json\/wp\/v2\/types\/page"}],"author":[{"embeddable":true,"href":"https:\/\/sedazwork.xyz\/en\/wp-json\/wp\/v2\/users\/1"}],"replies":[{"embeddable":true,"href":"https:\/\/sedazwork.xyz\/en\/wp-json\/wp\/v2\/comments?post=111"}],"version-history":[{"count":46,"href":"https:\/\/sedazwork.xyz\/en\/wp-json\/wp\/v2\/pages\/111\/revisions"}],"predecessor-version":[{"id":1808,"href":"https:\/\/sedazwork.xyz\/en\/wp-json\/wp\/v2\/pages\/111\/revisions\/1808"}],"wp:attachment":[{"href":"https:\/\/sedazwork.xyz\/en\/wp-json\/wp\/v2\/media?parent=111"}],"curies":[{"name":"wp","href":"https:\/\/api.w.org\/{rel}","templated":true}]}}